{"id":8673,"date":"2018-11-26T15:35:40","date_gmt":"2018-11-26T14:35:40","guid":{"rendered":"https:\/\/www.vprint.be\/en\/?page_id=8673"},"modified":"2019-01-17T15:58:23","modified_gmt":"2019-01-17T14:58:23","slug":"nos-produits","status":"publish","type":"page","link":"https:\/\/www.vprint.be\/en\/nos-produits\/","title":{"rendered":"Our products"},"content":{"rendered":"<p>[vc_row][vc_column][vc_custom_heading text=&#8221;Our know-how&#8221; font_container=&#8221;tag:h2|font_size:60px|text_align:center|color:%23030712|line_height:60px&#8221; use_theme_fonts=&#8221;yes&#8221; el_class=&#8221;heading-h1 heading-top-border3 fs60-lh60&#8243; css=&#8221;.vc_custom_1543242935784{margin-top: 40px !important;margin-bottom: 25px !important;padding-top: 32px !important;}&#8221;][vc_row_inner disable_element=&#8221;yes&#8221;][vc_column_inner width=&#8221;1\/4&#8243;][vc_single_image image=&#8221;8189&#8243; img_size=&#8221;full&#8221; onclick=&#8221;custom_link&#8221; link=&#8221;#couponing&#8221;][vc_column_text css=&#8221;.vc_custom_1536224556422{border-bottom-width: 1px !important;border-bottom-color: #efefef !important;border-bottom-style: solid !important;}&#8221;]<strong><a href=\"#couponing\">Couponing<\/a><\/strong><\/p>\n<p>Qu&#8217;ils soient personnalis\u00e9s en noir ou en quadri, b\u00e9n\u00e9ficiez en&#8230;[\/vc_column_text][\/vc_column_inner][vc_column_inner width=&#8221;1\/4&#8243;][vc_single_image image=&#8221;8184&#8243; img_size=&#8221;full&#8221; onclick=&#8221;custom_link&#8221; link=&#8221;#cartespersonnalisees&#8221;][vc_column_text css=&#8221;.vc_custom_1536224686136{border-bottom-width: 1px !important;border-bottom-color: #efefef !important;border-bottom-style: solid !important;}&#8221;]<strong><a href=\"#cartespersonnalisees\">Cartes personnalis\u00e9es<\/a><\/strong><\/p>\n<p>Nous vous offrons plusieurs solutions pour mettre en valeur et&#8230;[\/vc_column_text][\/vc_column_inner][vc_column_inner width=&#8221;1\/4&#8243;][vc_single_image image=&#8221;8177&#8243; img_size=&#8221;full&#8221; onclick=&#8221;custom_link&#8221; link=&#8221;#chequier&#8221;][vc_column_text css=&#8221;.vc_custom_1536224754250{border-bottom-width: 1px !important;border-bottom-color: #efefef !important;border-bottom-style: solid !important;}&#8221;]<strong><a href=\"#chequier\">Ch\u00e9quier<\/a><\/strong><br \/>\nNous vous proposons de bla bla bla &#8230; Lorem ipsum&#8230;[\/vc_column_text][\/vc_column_inner][vc_column_inner width=&#8221;1\/4&#8243;][vc_single_image image=&#8221;8405&#8243; img_size=&#8221;full&#8221; onclick=&#8221;custom_link&#8221; link=&#8221;#cartesagratter&#8221;][vc_column_text css=&#8221;.vc_custom_1536224916143{border-bottom-width: 1px !important;border-bottom-color: #efefef !important;border-bottom-style: solid !important;}&#8221;]<strong><a href=\"#cartesagratter\">Cartes \u00e0 gratter<\/a><\/strong><br \/>\nNos chaines de finitions sont \u00e9quip\u00e9es de groupes de grattable,&#8230;[\/vc_column_text][\/vc_column_inner][\/vc_row_inner][vc_row_inner disable_element=&#8221;yes&#8221;][vc_column_inner width=&#8221;1\/4&#8243;][vc_single_image image=&#8221;8171&#8243; img_size=&#8221;full&#8221; onclick=&#8221;custom_link&#8221; link=&#8221;#hyperpersonnalise&#8221;][vc_column_text css=&#8221;.vc_custom_1536225270530{border-bottom-width: 1px !important;border-bottom-color: #efefef !important;border-bottom-style: solid !important;}&#8221;]<strong><a href=\"#hyperpersonnalise\">Le mailing Hyper personnalis\u00e9<\/a><\/strong><\/p>\n<p>Aujourd&#8217;hui, il convient de raisonner diff\u00e9remment d&#8217;un march\u00e9 global&#8230;[\/vc_column_text][\/vc_column_inner][vc_column_inner width=&#8221;1\/4&#8243;][vc_single_image image=&#8221;8192&#8243; img_size=&#8221;full&#8221; onclick=&#8221;custom_link&#8221; link=&#8221;#coupon&#8221;][vc_column_text css=&#8221;.vc_custom_1536225490936{border-bottom-width: 1px !important;border-bottom-color: #efefef !important;border-bottom-style: solid !important;}&#8221;]<strong><a href=\"#coupon\">Tout en un avec coupons<\/a><\/strong><\/p>\n<p>Envoyez de fa\u00e7on \u00e9conomique vos bons de r\u00e9duction \u00e0 vos&#8230;[\/vc_column_text][\/vc_column_inner][vc_column_inner width=&#8221;1\/4&#8243;][vc_single_image image=&#8221;8179&#8243; img_size=&#8221;full&#8221; onclick=&#8221;custom_link&#8221; link=&#8221;#toutenun&#8221;][vc_column_text css=&#8221;.vc_custom_1536226001744{border-bottom-width: 1px !important;border-bottom-color: #efefef !important;border-bottom-style: solid !important;}&#8221;]<strong><a href=\"#toutenun\">Tout en un<\/a><\/strong><\/p>\n<p>La solution \u00e9conomique vous permettant de communiquer plus&#8230;[\/vc_column_text][\/vc_column_inner][vc_column_inner width=&#8221;1\/4&#8243;][vc_single_image image=&#8221;8169&#8243; img_size=&#8221;full&#8221; onclick=&#8221;custom_link&#8221; link=&#8221;#lenvoiadecouvert&#8221;][vc_column_text css=&#8221;.vc_custom_1536226066136{border-bottom-width: 1px !important;border-bottom-color: #efefef !important;border-bottom-style: solid !important;}&#8221;]<strong><a href=\"#lenvoiadecouvert\">L\u2019envoi \u00e0 d\u00e9couvert<\/a><\/strong><\/p>\n<p>Tous les avantages du Tout en Un, mais avec votre&#8230;[\/vc_column_text][\/vc_column_inner][\/vc_row_inner][\/vc_column][\/vc_row][vc_row][vc_column el_id=&#8221;couponing&#8221;][vc_column_text]<\/p>\n<div style=\"margin: 20px 0 20px 0;\"><span style=\"font-size: 14pt;\"><strong><img loading=\"lazy\" decoding=\"async\" class=\"size-full wp-image-8189 alignleft\" src=\"https:\/\/www.vprint.pro\/wp-content\/uploads\/Retouche_IMG_4472-2-e1533720141966.jpg\" alt=\"\" width=\"525\" height=\"350\" \/><span style=\"font-size: 30px; font-weight: 500; color: #e41e23;\">Coupons<\/span><\/strong><\/span><\/div>\n<div style=\"font-size: 18px;\">Whether personalised in black or in four-colour, take advantage of the power of finishing to send and enhance your discount coupons, your special offers, etc.<br \/>\nThanks to hyper personalisation in colour, put the right coupon in the right hand and generate more traffic and ROI, and use the all-in-one to be even more economical than traditional mail.<\/div>\n<p>[\/vc_column_text][\/vc_column][\/vc_row][vc_row][vc_column el_id=&#8221;cartespersonnalisees&#8221;][vc_column_text]<\/p>\n<div style=\"margin: 20px 0 20px 0;\"><img loading=\"lazy\" decoding=\"async\" class=\"size-full wp-image-8184 alignleft\" src=\"https:\/\/www.vprint.pro\/wp-content\/uploads\/Retouche_IMG_4469-3-e1533720370338.jpg\" alt=\"\" width=\"525\" height=\"350\" \/><br \/>\n<span style=\"font-size: 30px; font-weight: 500; color: #e41e23;\">Personalised cards<\/span><\/div>\n<div style=\"font-size: 18px;\">We offer different solutions to help promote and send your cards to your clients. The simple gift card to generate traffic in the shop or a high-quality fidelity card to promote loyalty from your customers.<\/div>\n<p>[\/vc_column_text][\/vc_column][\/vc_row][vc_row][vc_column el_id=&#8221;chequier&#8221;][vc_column_text]<\/p>\n<div style=\"margin: 20px 0 20px 0;\"><img loading=\"lazy\" decoding=\"async\" class=\"size-full wp-image-8177 alignleft\" src=\"https:\/\/www.vprint.pro\/wp-content\/uploads\/Retouche_IMG_4466-6-e1533720599358.jpg\" alt=\"\" width=\"525\" height=\"350\" \/><br \/>\n<span style=\"font-size: 30px; font-weight: 500; color: #e41e23;\">Coupon book<\/span><\/div>\n<div style=\"font-size: 18px;\">We offer fully personalised coupon books, with adhesive binding or stitched with the possibility of all kinds of tailoring.<\/div>\n<p>[\/vc_column_text][\/vc_column][\/vc_row][vc_row][vc_column el_id=&#8221;cartesagratter&#8221;][vc_column_text]<\/p>\n<div style=\"margin: 20px 0 20px 0;\"><img loading=\"lazy\" decoding=\"async\" class=\"size-full wp-image-8159 alignleft\" src=\"https:\/\/www.vprint.pro\/wp-content\/uploads\/Retouche_IMG_4464-1-e1533720936709.jpg\" alt=\"\" width=\"525\" height=\"398\" \/><br \/>\n<span style=\"font-size: 30px; font-weight: 500; color: #e41e23;\">Scratch cards<\/span><\/div>\n<div style=\"font-size: 18px;\">Our finishing lines are equipped with scratch-off units, which allow you to add another added value to your documents: a simple scratch card for your shop network, integrated into your mailing, gimmick, etc. Get your clients to play the game!<\/div>\n<p>[\/vc_column_text][\/vc_column][\/vc_row][vc_row][vc_column el_id=&#8221;hyperpersonnalise&#8221;][vc_column_text]<\/p>\n<div style=\"margin: 20px 0 20px 0;\"><img loading=\"lazy\" decoding=\"async\" class=\"size-full wp-image-8179 alignleft\" src=\"https:\/\/www.vprint.pro\/wp-content\/uploads\/Retouche_IMG_4463-3-e1533721448272.jpg\" alt=\"\" width=\"525\" height=\"350\" \/><br \/>\n<span style=\"font-size: 30px; font-weight: 500; color: #e41e23;\">Hyper-personalised mail campaign<\/span><\/div>\n<div style=\"font-size: 18px;\">These days, we have to think differently from a global market towards a client specific market. Use the four-colour personalisation to announce the right offer to the right person. If you wish, we can guide you in establishing your hyper personalised campaigns, thanks to our experts in Data, CRM and algorithms.<\/div>\n<p>[\/vc_column_text][\/vc_column][\/vc_row][vc_row][vc_column el_id=&#8221;coupon&#8221;][vc_column_text]<\/p>\n<div style=\"margin: 20px 0 20px 0;\"><img loading=\"lazy\" decoding=\"async\" class=\"size-full wp-image-8192 alignleft\" src=\"https:\/\/www.vprint.pro\/wp-content\/uploads\/Retpuche_IMG_4470-2-e1533721175246.jpg\" alt=\"\" width=\"525\" height=\"350\" \/><br \/>\n<span style=\"font-size: 30px; font-weight: 500; color: #e41e23;\">All-in-one with coupons<\/span><\/div>\n<div style=\"font-size: 18px;\">Send your discount vouchers economically using the all-in-one pouches. Whether they are personalised in black or in four-colour, showcase them to attract the customers.<\/div>\n<p>[\/vc_column_text][\/vc_column][\/vc_row][vc_row][vc_column el_id=&#8221;toutenun&#8221;][vc_column_text]<\/p>\n<div style=\"margin: 20px 0 20px 0;\"><img loading=\"lazy\" decoding=\"async\" class=\"size-full wp-image-8171 alignleft\" src=\"https:\/\/www.vprint.pro\/wp-content\/uploads\/Retouche_IMG_4468-1-e1533721041726.jpg\" alt=\"\" width=\"525\" height=\"350\" \/><br \/>\n<span style=\"font-size: 30px; font-weight: 500; color: #e41e23;\">All-in-one<\/span><\/div>\n<div style=\"font-size: 18px;\">The economic solution that allows you to communicate quickly and to be more attractive to your customers thanks to the creative finishing (pop-up, loyalty cards, coupons, labels, coupon books, etc).<\/div>\n<p>[\/vc_column_text][\/vc_column][\/vc_row][vc_row][vc_column el_id=&#8221;lenvoiadecouvert&#8221;][vc_column_text]<\/p>\n<div style=\"margin: 20px 0 20px 0;\"><img loading=\"lazy\" decoding=\"async\" class=\"size-full wp-image-8169 alignleft\" src=\"https:\/\/www.vprint.pro\/wp-content\/uploads\/Retouche_IMG_4461-4-e1533721579308.jpg\" alt=\"\" width=\"525\" height=\"350\" \/><br \/>\n<span style=\"font-size: 30px; font-weight: 500; color: #e41e23;\">The self-mailer<\/span><\/div>\n<div style=\"font-size: 18px;\">All the advantages of the All-in-One, but with your catalogue or folder as well. No need for plastic film, no need for envelopes to send your multi-document direct marketing campaigns. We assemble it all and send as a self-mailer directly through the post. At the same time you can add value to your brochure covers.<\/div>\n<p>[\/vc_column_text][\/vc_column][\/vc_row]<\/p>\n<section id=\"easyCookie\" class=\"ec-fixed     \" data-expiresdays=\"180\">\n\t\t<div>\n\t\t\t<div class=\"ec-infos\">\n\t\t\t\tNous utilisons des cookies pour vous garantir la meilleure exp\u00e9rience. Si vous continuez \u00e0 utiliser ce site Web, nous supposerons que vous en \u00eates satisfait.\n\t\t\t<\/div>\n\t\t\t<div class=\"ec-btns\">\n\t\t\t\t<a href=\"#\" class=\"ec-accept\">OK<\/a>\n\t\t\t\t\n\t\t\t<\/div>\n\t\t<\/div>\n\t<\/section>","protected":false},"excerpt":{"rendered":"<p>[vc_row][vc_column][vc_custom_heading text=&#8221;Our know-how&#8221; font_container=&#8221;tag:h2|font_size:60px|text_align:center|color:%23030712|line_height:60px&#8221; use_theme_fonts=&#8221;yes&#8221; el_class=&#8221;heading-h1 heading-top-border3 fs60-lh60&#8243; css=&#8221;.vc_custom_1543242935784{margin-top: 40px !important;margin-bottom: 25px !important;padding-top: 32px !important;}&#8221;][vc_row_inner disable_element=&#8221;yes&#8221;][vc_column_inner width=&#8221;1\/4&#8243;][vc_single_image image=&#8221;8189&#8243; img_size=&#8221;full&#8221; onclick=&#8221;custom_link&#8221; link=&#8221;#couponing&#8221;][vc_column_text css=&#8221;.vc_custom_1536224556422{border-bottom-width: 1px !important;border-bottom-color: #efefef !important;border-bottom-style: solid !important;}&#8221;]Couponing Qu&#8217;ils soient personnalis\u00e9s en noir ou en quadri, b\u00e9n\u00e9ficiez en&#8230;[\/vc_column_text][\/vc_column_inner][vc_column_inner width=&#8221;1\/4&#8243;][vc_single_image image=&#8221;8184&#8243; img_size=&#8221;full&#8221; onclick=&#8221;custom_link&#8221; link=&#8221;#cartespersonnalisees&#8221;][vc_column_text css=&#8221;.vc_custom_1536224686136{border-bottom-width: 1px !important;border-bottom-color: #efefef !important;border-bottom-style: solid !important;}&#8221;]Cartes personnalis\u00e9es Nous vous offrons plusieurs [&hellip;]<\/p>\n","protected":false},"author":1,"featured_media":8387,"parent":0,"menu_order":0,"comment_status":"closed","ping_status":"closed","template":"","meta":{"footnotes":""},"class_list":["post-8673","page","type-page","status-publish","has-post-thumbnail","hentry"],"yoast_head":"<!-- This site is optimized with the Yoast SEO plugin v24.6 - https:\/\/yoast.com\/wordpress\/plugins\/seo\/ -->\n<title>Our products - Vprint<\/title>\n<meta name=\"robots\" content=\"index, follow, max-snippet:-1, max-image-preview:large, max-video-preview:-1\" \/>\n<link rel=\"canonical\" href=\"https:\/\/www.vprint.be\/en\/nos-produits\/\" \/>\n<meta property=\"og:locale\" content=\"en_US\" \/>\n<meta property=\"og:type\" content=\"article\" \/>\n<meta property=\"og:title\" content=\"Our products - Vprint\" \/>\n<meta property=\"og:description\" content=\"[vc_row][vc_column][vc_custom_heading text=&#8221;Our know-how&#8221; font_container=&#8221;tag:h2|font_size:60px|text_align:center|color:%23030712|line_height:60px&#8221; use_theme_fonts=&#8221;yes&#8221; el_class=&#8221;heading-h1 heading-top-border3 fs60-lh60&#8243; css=&#8221;.vc_custom_1543242935784{margin-top: 40px !important;margin-bottom: 25px !important;padding-top: 32px !important;}&#8221;][vc_row_inner disable_element=&#8221;yes&#8221;][vc_column_inner width=&#8221;1\/4&#8243;][vc_single_image image=&#8221;8189&#8243; img_size=&#8221;full&#8221; onclick=&#8221;custom_link&#8221; link=&#8221;#couponing&#8221;][vc_column_text css=&#8221;.vc_custom_1536224556422{border-bottom-width: 1px !important;border-bottom-color: #efefef !important;border-bottom-style: solid !important;}&#8221;]Couponing Qu&#8217;ils soient personnalis\u00e9s en noir ou en quadri, b\u00e9n\u00e9ficiez en&#8230;[\/vc_column_text][\/vc_column_inner][vc_column_inner width=&#8221;1\/4&#8243;][vc_single_image image=&#8221;8184&#8243; img_size=&#8221;full&#8221; onclick=&#8221;custom_link&#8221; link=&#8221;#cartespersonnalisees&#8221;][vc_column_text css=&#8221;.vc_custom_1536224686136{border-bottom-width: 1px !important;border-bottom-color: #efefef !important;border-bottom-style: solid !important;}&#8221;]Cartes personnalis\u00e9es Nous vous offrons plusieurs [&hellip;]\" \/>\n<meta property=\"og:url\" content=\"https:\/\/www.vprint.be\/en\/nos-produits\/\" \/>\n<meta property=\"og:site_name\" content=\"Vprint\" \/>\n<meta property=\"article:modified_time\" content=\"2019-01-17T14:58:23+00:00\" \/>\n<meta property=\"og:image\" content=\"https:\/\/www.vprint.be\/wp-content\/uploads\/banner-produit-1.jpg\" \/>\n\t<meta property=\"og:image:width\" content=\"1440\" \/>\n\t<meta property=\"og:image:height\" content=\"275\" \/>\n\t<meta property=\"og:image:type\" content=\"image\/jpeg\" \/>\n<meta name=\"twitter:card\" content=\"summary_large_image\" \/>\n<meta name=\"twitter:label1\" content=\"Est. reading time\" \/>\n\t<meta name=\"twitter:data1\" content=\"5 minutes\" \/>\n<script type=\"application\/ld+json\" class=\"yoast-schema-graph\">{\"@context\":\"https:\/\/schema.org\",\"@graph\":[{\"@type\":\"WebPage\",\"@id\":\"https:\/\/www.vprint.be\/en\/nos-produits\/\",\"url\":\"https:\/\/www.vprint.be\/en\/nos-produits\/\",\"name\":\"Our products - Vprint\",\"isPartOf\":{\"@id\":\"https:\/\/www.vprint.be\/#website\"},\"primaryImageOfPage\":{\"@id\":\"https:\/\/www.vprint.be\/en\/nos-produits\/#primaryimage\"},\"image\":{\"@id\":\"https:\/\/www.vprint.be\/en\/nos-produits\/#primaryimage\"},\"thumbnailUrl\":\"https:\/\/www.vprint.be\/wp-content\/uploads\/banner-produit-1.jpg\",\"datePublished\":\"2018-11-26T14:35:40+00:00\",\"dateModified\":\"2019-01-17T14:58:23+00:00\",\"breadcrumb\":{\"@id\":\"https:\/\/www.vprint.be\/en\/nos-produits\/#breadcrumb\"},\"inLanguage\":\"en-US\",\"potentialAction\":[{\"@type\":\"ReadAction\",\"target\":[\"https:\/\/www.vprint.be\/en\/nos-produits\/\"]}]},{\"@type\":\"ImageObject\",\"inLanguage\":\"en-US\",\"@id\":\"https:\/\/www.vprint.be\/en\/nos-produits\/#primaryimage\",\"url\":\"https:\/\/www.vprint.be\/wp-content\/uploads\/banner-produit-1.jpg\",\"contentUrl\":\"https:\/\/www.vprint.be\/wp-content\/uploads\/banner-produit-1.jpg\",\"width\":1440,\"height\":275},{\"@type\":\"BreadcrumbList\",\"@id\":\"https:\/\/www.vprint.be\/en\/nos-produits\/#breadcrumb\",\"itemListElement\":[{\"@type\":\"ListItem\",\"position\":1,\"name\":\"Accueil\",\"item\":\"https:\/\/www.vprint.be\/en\/\"},{\"@type\":\"ListItem\",\"position\":2,\"name\":\"Our products\"}]},{\"@type\":\"WebSite\",\"@id\":\"https:\/\/www.vprint.be\/#website\",\"url\":\"https:\/\/www.vprint.be\/\",\"name\":\"Vprint\",\"description\":\"Vprint vous ouvre une nouvelle fen\u00eatre sur le marketing direct\",\"publisher\":{\"@id\":\"https:\/\/www.vprint.be\/#organization\"},\"potentialAction\":[{\"@type\":\"SearchAction\",\"target\":{\"@type\":\"EntryPoint\",\"urlTemplate\":\"https:\/\/www.vprint.be\/?s={search_term_string}\"},\"query-input\":{\"@type\":\"PropertyValueSpecification\",\"valueRequired\":true,\"valueName\":\"search_term_string\"}}],\"inLanguage\":\"en-US\"},{\"@type\":\"Organization\",\"@id\":\"https:\/\/www.vprint.be\/#organization\",\"name\":\"Vprint S.A.\",\"url\":\"https:\/\/www.vprint.be\/\",\"logo\":{\"@type\":\"ImageObject\",\"inLanguage\":\"en-US\",\"@id\":\"https:\/\/www.vprint.be\/#\/schema\/logo\/image\/\",\"url\":\"https:\/\/www.vprint.be\/wp-content\/uploads\/logoooo.png\",\"contentUrl\":\"https:\/\/www.vprint.be\/wp-content\/uploads\/logoooo.png\",\"width\":145,\"height\":81,\"caption\":\"Vprint S.A.\"},\"image\":{\"@id\":\"https:\/\/www.vprint.be\/#\/schema\/logo\/image\/\"},\"sameAs\":[\"https:\/\/www.linkedin.com\/company\/vprint\/\"]}]}<\/script>\n<!-- \/ Yoast SEO plugin. -->","yoast_head_json":{"title":"Our products - Vprint","robots":{"index":"index","follow":"follow","max-snippet":"max-snippet:-1","max-image-preview":"max-image-preview:large","max-video-preview":"max-video-preview:-1"},"canonical":"https:\/\/www.vprint.be\/en\/nos-produits\/","og_locale":"en_US","og_type":"article","og_title":"Our products - Vprint","og_description":"[vc_row][vc_column][vc_custom_heading text=&#8221;Our know-how&#8221; font_container=&#8221;tag:h2|font_size:60px|text_align:center|color:%23030712|line_height:60px&#8221; use_theme_fonts=&#8221;yes&#8221; el_class=&#8221;heading-h1 heading-top-border3 fs60-lh60&#8243; css=&#8221;.vc_custom_1543242935784{margin-top: 40px !important;margin-bottom: 25px !important;padding-top: 32px !important;}&#8221;][vc_row_inner disable_element=&#8221;yes&#8221;][vc_column_inner width=&#8221;1\/4&#8243;][vc_single_image image=&#8221;8189&#8243; img_size=&#8221;full&#8221; onclick=&#8221;custom_link&#8221; link=&#8221;#couponing&#8221;][vc_column_text css=&#8221;.vc_custom_1536224556422{border-bottom-width: 1px !important;border-bottom-color: #efefef !important;border-bottom-style: solid !important;}&#8221;]Couponing Qu&#8217;ils soient personnalis\u00e9s en noir ou en quadri, b\u00e9n\u00e9ficiez en&#8230;[\/vc_column_text][\/vc_column_inner][vc_column_inner width=&#8221;1\/4&#8243;][vc_single_image image=&#8221;8184&#8243; img_size=&#8221;full&#8221; onclick=&#8221;custom_link&#8221; link=&#8221;#cartespersonnalisees&#8221;][vc_column_text css=&#8221;.vc_custom_1536224686136{border-bottom-width: 1px !important;border-bottom-color: #efefef !important;border-bottom-style: solid !important;}&#8221;]Cartes personnalis\u00e9es Nous vous offrons plusieurs [&hellip;]","og_url":"https:\/\/www.vprint.be\/en\/nos-produits\/","og_site_name":"Vprint","article_modified_time":"2019-01-17T14:58:23+00:00","og_image":[{"width":1440,"height":275,"url":"https:\/\/www.vprint.be\/wp-content\/uploads\/banner-produit-1.jpg","type":"image\/jpeg"}],"twitter_card":"summary_large_image","twitter_misc":{"Est. reading time":"5 minutes"},"schema":{"@context":"https:\/\/schema.org","@graph":[{"@type":"WebPage","@id":"https:\/\/www.vprint.be\/en\/nos-produits\/","url":"https:\/\/www.vprint.be\/en\/nos-produits\/","name":"Our products - Vprint","isPartOf":{"@id":"https:\/\/www.vprint.be\/#website"},"primaryImageOfPage":{"@id":"https:\/\/www.vprint.be\/en\/nos-produits\/#primaryimage"},"image":{"@id":"https:\/\/www.vprint.be\/en\/nos-produits\/#primaryimage"},"thumbnailUrl":"https:\/\/www.vprint.be\/wp-content\/uploads\/banner-produit-1.jpg","datePublished":"2018-11-26T14:35:40+00:00","dateModified":"2019-01-17T14:58:23+00:00","breadcrumb":{"@id":"https:\/\/www.vprint.be\/en\/nos-produits\/#breadcrumb"},"inLanguage":"en-US","potentialAction":[{"@type":"ReadAction","target":["https:\/\/www.vprint.be\/en\/nos-produits\/"]}]},{"@type":"ImageObject","inLanguage":"en-US","@id":"https:\/\/www.vprint.be\/en\/nos-produits\/#primaryimage","url":"https:\/\/www.vprint.be\/wp-content\/uploads\/banner-produit-1.jpg","contentUrl":"https:\/\/www.vprint.be\/wp-content\/uploads\/banner-produit-1.jpg","width":1440,"height":275},{"@type":"BreadcrumbList","@id":"https:\/\/www.vprint.be\/en\/nos-produits\/#breadcrumb","itemListElement":[{"@type":"ListItem","position":1,"name":"Accueil","item":"https:\/\/www.vprint.be\/en\/"},{"@type":"ListItem","position":2,"name":"Our products"}]},{"@type":"WebSite","@id":"https:\/\/www.vprint.be\/#website","url":"https:\/\/www.vprint.be\/","name":"Vprint","description":"Vprint vous ouvre une nouvelle fen\u00eatre sur le marketing direct","publisher":{"@id":"https:\/\/www.vprint.be\/#organization"},"potentialAction":[{"@type":"SearchAction","target":{"@type":"EntryPoint","urlTemplate":"https:\/\/www.vprint.be\/?s={search_term_string}"},"query-input":{"@type":"PropertyValueSpecification","valueRequired":true,"valueName":"search_term_string"}}],"inLanguage":"en-US"},{"@type":"Organization","@id":"https:\/\/www.vprint.be\/#organization","name":"Vprint S.A.","url":"https:\/\/www.vprint.be\/","logo":{"@type":"ImageObject","inLanguage":"en-US","@id":"https:\/\/www.vprint.be\/#\/schema\/logo\/image\/","url":"https:\/\/www.vprint.be\/wp-content\/uploads\/logoooo.png","contentUrl":"https:\/\/www.vprint.be\/wp-content\/uploads\/logoooo.png","width":145,"height":81,"caption":"Vprint S.A."},"image":{"@id":"https:\/\/www.vprint.be\/#\/schema\/logo\/image\/"},"sameAs":["https:\/\/www.linkedin.com\/company\/vprint\/"]}]}},"_links":{"self":[{"href":"https:\/\/www.vprint.be\/en\/wp-json\/wp\/v2\/pages\/8673","targetHints":{"allow":["GET"]}}],"collection":[{"href":"https:\/\/www.vprint.be\/en\/wp-json\/wp\/v2\/pages"}],"about":[{"href":"https:\/\/www.vprint.be\/en\/wp-json\/wp\/v2\/types\/page"}],"author":[{"embeddable":true,"href":"https:\/\/www.vprint.be\/en\/wp-json\/wp\/v2\/users\/1"}],"replies":[{"embeddable":true,"href":"https:\/\/www.vprint.be\/en\/wp-json\/wp\/v2\/comments?post=8673"}],"version-history":[{"count":8,"href":"https:\/\/www.vprint.be\/en\/wp-json\/wp\/v2\/pages\/8673\/revisions"}],"predecessor-version":[{"id":8871,"href":"https:\/\/www.vprint.be\/en\/wp-json\/wp\/v2\/pages\/8673\/revisions\/8871"}],"wp:featuredmedia":[{"embeddable":true,"href":"https:\/\/www.vprint.be\/en\/wp-json\/wp\/v2\/media\/8387"}],"wp:attachment":[{"href":"https:\/\/www.vprint.be\/en\/wp-json\/wp\/v2\/media?parent=8673"}],"curies":[{"name":"wp","href":"https:\/\/api.w.org\/{rel}","templated":true}]}}